{"id":137,"date":"2024-10-30T05:43:47","date_gmt":"2024-10-30T05:43:47","guid":{"rendered":"https:\/\/moeslibruegg.ch\/?page_id=137"},"modified":"2025-05-13T08:43:04","modified_gmt":"2025-05-13T06:43:04","slug":"info-tafel-und-defibrillator","status":"publish","type":"page","link":"https:\/\/moeslibruegg.ch\/?page_id=137","title":{"rendered":"Info Tafel und Defibrillator"},"content":{"rendered":"\n<p><strong>Projektidee &amp; Sponsorensuche<\/strong><\/p>\n\n\n\n<p>Da die Anschaffung eine Defibrillators nicht ganz billig ist, hat Marc Meichtry w\u00e4hrend seinen Weihnachtsferien eine Sponsorenmappe angefertigt und sich m\u00f6glich Sponsoren ausgesucht welche man kontaktieren k\u00f6nnte. Auf Grund der N\u00e4he zu unserem Standort hat er das erste Dossier an die Hirslanden Klinik Linde AG versendet.<\/p>\n\n\n\n<p>Da rund um unser Areal auch sehr viele Spazierg\u00e4nger unterwegs sind war die Idee von Anfang an den Defibrillator ausserhalb unserer Areals zu montieren, damit dieser auch ausserhalb der \u00d6ffnungszeiten des Bistros zug\u00e4nglich ist. Dies hiess aber, dass daf\u00fcr auch eine Montage-einrichtung erbaut werden musste. Damit wir auch Vereinsinformationen und Werbung f\u00fcrs Bistro anbringen k\u00f6nnen haben wir uns daf\u00fcr entschieden eine eine Info-Tafel zu erstellen.<\/p>\n\n\n\n<p>Ende Januar 2024 erhielten wir die erste positive R\u00fcckmeldung der Hirslanden Klinik Linde AG. Am 12. M\u00e4rz 2024 kam es dann zu einem ersten Treffen zwischen unserem Pr\u00e4sidenten und der Hirslanden Klinik Linde AG. Bei diesem Gespr\u00e4ch wurde uns das Sponsoring f\u00fcr einen Defibrillator inklusive Aussebgeh\u00e4use zugesichert.<\/p>\n\n\n\n<p><strong>Die Info Tafel<\/strong><\/p>\n\n\n\n<p>Nach dieser positiven R\u00fcckmeldung haben wir die Planung f\u00fcr die Info-Wand in Angriff genommen. Leider haben wir aber keine fertige Wand gefunden welche unseren Bed\u00fcrfnissen entsprochen hat. Wir haben daraufhin die M\u00f6glichleit bekommen, dass uns die Schreinerei der Stadt Biel beim Bau einer solchen Wand helfen w\u00fcrde. Am 03. Juni 2024 kam es hierf\u00fcr zu einer ersten Sitzung. <\/p>\n\n\n\n<figure class=\"wp-block-gallery has-nested-images columns-default is-cropped wp-block-gallery-1 is-layout-flex wp-block-gallery-is-layout-flex\">\n<figure class=\"wp-block-image size-large\"><img loading=\"lazy\" decoding=\"async\" width=\"848\" height=\"602\" data-id=\"143\" src=\"https:\/\/moeslibruegg.ch\/wp-content\/uploads\/2024\/10\/Skizze-Info-Tafel.png\" alt=\"\" class=\"wp-image-143\" srcset=\"https:\/\/moeslibruegg.ch\/wp-content\/uploads\/2024\/10\/Skizze-Info-Tafel.png 848w, https:\/\/moeslibruegg.ch\/wp-content\/uploads\/2024\/10\/Skizze-Info-Tafel-300x213.png 300w, https:\/\/moeslibruegg.ch\/wp-content\/uploads\/2024\/10\/Skizze-Info-Tafel-768x545.png 768w\" sizes=\"auto, (max-width: 848px) 100vw, 848px\" \/><\/figure>\n<\/figure>\n\n\n\n<p><strong>Vorbereitungsarbeiten<\/strong><\/p>\n\n\n\n<p>Am 09. August wurde dann durch unseren Pr\u00e4sidenten und seinem kleinen Helfer die L\u00f6cher f\u00fcr die Fundamente ausgegraben, die L\u00f6cher einbetoniert und das Rohr f\u00fcr die Stromzuleitung verlegt.<\/p>\n\n\n\n<figure class=\"wp-block-image size-large\"><img loading=\"lazy\" decoding=\"async\" width=\"757\" height=\"1024\" src=\"https:\/\/moeslibruegg.ch\/wp-content\/uploads\/2024\/10\/IMG_1823-scaled-e1730216900928-757x1024.jpeg\" alt=\"\" class=\"wp-image-140\" srcset=\"https:\/\/moeslibruegg.ch\/wp-content\/uploads\/2024\/10\/IMG_1823-scaled-e1730216900928-757x1024.jpeg 757w, https:\/\/moeslibruegg.ch\/wp-content\/uploads\/2024\/10\/IMG_1823-scaled-e1730216900928-222x300.jpeg 222w, https:\/\/moeslibruegg.ch\/wp-content\/uploads\/2024\/10\/IMG_1823-scaled-e1730216900928-768x1040.jpeg 768w, https:\/\/moeslibruegg.ch\/wp-content\/uploads\/2024\/10\/IMG_1823-scaled-e1730216900928-1135x1536.jpeg 1135w, https:\/\/moeslibruegg.ch\/wp-content\/uploads\/2024\/10\/IMG_1823-scaled-e1730216900928-1513x2048.jpeg 1513w, https:\/\/moeslibruegg.ch\/wp-content\/uploads\/2024\/10\/IMG_1823-scaled-e1730216900928.jpeg 1629w\" sizes=\"auto, (max-width: 757px) 100vw, 757px\" \/><\/figure>\n\n\n\n<p><strong>Die Lieferung des Info Tafel<\/strong><\/p>\n\n\n\n<p>Am 19. September 2024 wurde dann die Wand angeliefert und aufgebaut. Unsere Erwartungen wurden \u00fcbertroffen. An dieser Stelle nochmal vielen Dank an Gianni und sein Team.<\/p>\n\n\n\n<figure class=\"wp-block-image size-large\"><img loading=\"lazy\" decoding=\"async\" width=\"1165\" height=\"1165\" src=\"https:\/\/moeslibruegg.ch\/wp-content\/uploads\/2024\/10\/b517a785-cd2e-44a5-892f-6f5ec739d40e-edited.jpg\" alt=\"Infotafel Leer\" class=\"wp-image-149\" srcset=\"https:\/\/moeslibruegg.ch\/wp-content\/uploads\/2024\/10\/b517a785-cd2e-44a5-892f-6f5ec739d40e-edited.jpg 1165w, https:\/\/moeslibruegg.ch\/wp-content\/uploads\/2024\/10\/b517a785-cd2e-44a5-892f-6f5ec739d40e-edited-300x300.jpg 300w, https:\/\/moeslibruegg.ch\/wp-content\/uploads\/2024\/10\/b517a785-cd2e-44a5-892f-6f5ec739d40e-edited-1024x1024.jpg 1024w, https:\/\/moeslibruegg.ch\/wp-content\/uploads\/2024\/10\/b517a785-cd2e-44a5-892f-6f5ec739d40e-edited-150x150.jpg 150w, https:\/\/moeslibruegg.ch\/wp-content\/uploads\/2024\/10\/b517a785-cd2e-44a5-892f-6f5ec739d40e-edited-768x768.jpg 768w\" sizes=\"auto, (max-width: 1165px) 100vw, 1165px\" \/><\/figure>\n\n\n\n<p><strong>Die Montage<\/strong><\/p>\n\n\n\n<p>Im Zuge der Arealarbeiten vom 19. Oktober 2024 haben wir dann den gr\u00f6ssten Teil der Installation get\u00e4tigt. Auf der linken Seite wurde unser Vereinsschaukasten und der Briefkasten montiert welche vorher am Vereinslokal montiert waren. In der Mitte wurde eine Kreidetafel f\u00fcr das Bistro aufgeh\u00e4ngt. Die ganze Info Tafel wurde mit LED Strahlern ausgestattet welche mit einem bestehenden D\u00e4mmerungssensor ausgestattet waren.<\/p>\n\n\n\n<p>Am 28. Oktober 2024 konnten wir dann noch den Defibrillator bei der hirslanden Klinik Linde AG abholen. Dieser wurde dann noch in der selben Woche montiert. Daraufhin haben wir den Defibrillator bei <a href=\"https:\/\/defikarte.ch\/index.html\">defikarte.ch<\/a> und bei <a href=\"https:\/\/www.firstresponder.be\/de\/\">firstresponder.be<\/a> gemeldet.<\/p>\n\n\n\n<figure class=\"wp-block-image size-full\"><img loading=\"lazy\" decoding=\"async\" width=\"750\" height=\"568\" src=\"https:\/\/moeslibruegg.ch\/wp-content\/uploads\/2024\/10\/Bildschirmfoto-2024-10-30-um-19.56.25.png\" alt=\"\" class=\"wp-image-151\" srcset=\"https:\/\/moeslibruegg.ch\/wp-content\/uploads\/2024\/10\/Bildschirmfoto-2024-10-30-um-19.56.25.png 750w, https:\/\/moeslibruegg.ch\/wp-content\/uploads\/2024\/10\/Bildschirmfoto-2024-10-30-um-19.56.25-300x227.png 300w\" sizes=\"auto, (max-width: 750px) 100vw, 750px\" \/><\/figure>\n\n\n\n\n\n<p><strong>Die Einweihung<\/strong><\/p>\n\n\n\n<p>Comming soon&#8230;<\/p>\n\n\n\n<hr class=\"wp-block-separator has-alpha-channel-opacity\"\/>\n\n\n\n<ul class=\"wp-block-list\">\n<li><\/li>\n<\/ul>\n\n\n\n<p><strong>Meilensteine<\/strong><\/p>\n\n\n\n<ul class=\"wp-block-list\">\n<li>29. Oktober 2024                      Meldung des Defibrillatorstandortes<\/li>\n\n\n\n<li>28. Oktober 2024                      Abholung des Defibrillators bei der hirslanden Klinik Linde AG<\/li>\n\n\n\n<li>19. Oktober 2024                      Start der Installtionen auf der Info-Tafel<\/li>\n\n\n\n<li>19. September 2024                 Anlieferung &amp; Montage der Info-Tafel<\/li>\n\n\n\n<li>09. August 2024                       Vorebereitungsarbeiten f\u00fcr Fundament &amp; Elektrische Zuleitung<\/li>\n\n\n\n<li>03. Juni 2024                            Kick-Off Sitzung Info-Tafel<\/li>\n\n\n\n<li>12. M\u00e4rz 2024                           Kick-Off Sitzung Defibrillator mit der hirslanden Klinik Linde AG<\/li>\n\n\n\n<li>Dezember 2023                        Erstellung &amp; Einreichung Sponsoringmappe<\/li>\n<\/ul>\n","protected":false},"excerpt":{"rendered":"<p>Projektidee &amp; Sponsorensuche Da die Anschaffung eine Defibrillators nicht ganz billig ist, hat Marc Meichtry w\u00e4hrend seinen Weihnachtsferien eine Sponsorenmappe angefertigt und sich m\u00f6glich Sponsoren ausgesucht welche man kontaktieren k\u00f6nnte. Auf Grund der N\u00e4he zu unserem Standort hat er das &hellip; <a href=\"https:\/\/moeslibruegg.ch\/?page_id=137\">Weiterlesen <span class=\"meta-nav\">&rarr;<\/span><\/a><\/p>\n","protected":false},"author":2,"featured_media":0,"parent":0,"menu_order":0,"comment_status":"closed","ping_status":"closed","template":"","meta":{"footnotes":""},"class_list":["post-137","page","type-page","status-publish","hentry"],"_links":{"self":[{"href":"https:\/\/moeslibruegg.ch\/index.php?rest_route=\/wp\/v2\/pages\/137","targetHints":{"allow":["GET"]}}],"collection":[{"href":"https:\/\/moeslibruegg.ch\/index.php?rest_route=\/wp\/v2\/pages"}],"about":[{"href":"https:\/\/moeslibruegg.ch\/index.php?rest_route=\/wp\/v2\/types\/page"}],"author":[{"embeddable":true,"href":"https:\/\/moeslibruegg.ch\/index.php?rest_route=\/wp\/v2\/users\/2"}],"replies":[{"embeddable":true,"href":"https:\/\/moeslibruegg.ch\/index.php?rest_route=%2Fwp%2Fv2%2Fcomments&post=137"}],"version-history":[{"count":8,"href":"https:\/\/moeslibruegg.ch\/index.php?rest_route=\/wp\/v2\/pages\/137\/revisions"}],"predecessor-version":[{"id":153,"href":"https:\/\/moeslibruegg.ch\/index.php?rest_route=\/wp\/v2\/pages\/137\/revisions\/153"}],"wp:attachment":[{"href":"https:\/\/moeslibruegg.ch\/index.php?rest_route=%2Fwp%2Fv2%2Fmedia&parent=137"}],"curies":[{"name":"wp","href":"https:\/\/api.w.org\/{rel}","templated":true}]}}