{"id":125,"date":"2024-10-29T14:57:09","date_gmt":"2024-10-29T14:57:09","guid":{"rendered":"https:\/\/moeslibruegg.ch\/?page_id=125"},"modified":"2024-10-29T14:57:09","modified_gmt":"2024-10-29T14:57:09","slug":"erneuerung-sickerleitung-mittelweg-west","status":"publish","type":"page","link":"https:\/\/moeslibruegg.ch\/?page_id=125","title":{"rendered":"Erneuerung Sickerleitung Mittelweg West"},"content":{"rendered":"\n<p><strong>Generalversammlung 2022 &#8211; Projektstart<\/strong><\/p>\n\n\n\n<p>An der Generalversammlung vom 21. Mai 2022 wurde von einigen Vereinsmitgliedern die Bitte gestellt etwas mit der Sickerleitung im Areal West zu unternehmen da bei gr\u00f6sseren Regenf\u00e4llen der Garten jeweils mehre Tage bis Wochen unbegehbar ist. Bereits angepflanztes Gem\u00fcse geht jeweils kaputt. Der Vorstand hat daraufhin beschlossen die Sache genauer anzuschauen.<\/p>\n\n\n\n<figure class=\"wp-block-image size-large\"><img loading=\"lazy\" decoding=\"async\" width=\"1024\" height=\"768\" src=\"https:\/\/moeslibruegg.ch\/wp-content\/uploads\/2024\/10\/IMG_1664-1024x768.jpeg\" alt=\"\" class=\"wp-image-126\" srcset=\"https:\/\/moeslibruegg.ch\/wp-content\/uploads\/2024\/10\/IMG_1664-1024x768.jpeg 1024w, https:\/\/moeslibruegg.ch\/wp-content\/uploads\/2024\/10\/IMG_1664-300x225.jpeg 300w, https:\/\/moeslibruegg.ch\/wp-content\/uploads\/2024\/10\/IMG_1664-768x576.jpeg 768w, https:\/\/moeslibruegg.ch\/wp-content\/uploads\/2024\/10\/IMG_1664-1536x1152.jpeg 1536w, https:\/\/moeslibruegg.ch\/wp-content\/uploads\/2024\/10\/IMG_1664-2048x1536.jpeg 2048w\" sizes=\"auto, (max-width: 1024px) 100vw, 1024px\" \/><\/figure>\n\n\n\n<p><strong>Das Provisorium<\/strong><\/p>\n\n\n\n<p>Im Zuge der Arealarbeiten vom 09.Juli 2022 wurde ein Provisorium errichtet um zu schauen ob die Entw\u00e4sserung funktioniert. Dazu wurde in der Parzelle 53 ein grosses Loch gegraben. Das Loch wurde daraufhin mit Flies ausgelegt. Innerhalb des Loches wurde wurde ein Gartenfass mit L\u00f6chern reingestellt. In diesem hat man eine Wasserpumpe installiert. Das Fass sollte dazu dienen, dass kein Dreck von der Pumpe angesaugt wird. Das Wasser wurde dann mit einem Schlach in den Wald gef\u00fchrt damit es dort versickern kann. Der ursp\u00fcngliche Plan war sp\u00e4ter das Loch mit Rundkies zu f\u00fcllen.<\/p>\n\n\n\n<figure class=\"wp-block-image size-large\"><img loading=\"lazy\" decoding=\"async\" width=\"768\" height=\"1024\" src=\"https:\/\/moeslibruegg.ch\/wp-content\/uploads\/2024\/10\/IMG_4783-768x1024.jpeg\" alt=\"\" class=\"wp-image-128\" style=\"aspect-ratio:1;object-fit:cover\" srcset=\"https:\/\/moeslibruegg.ch\/wp-content\/uploads\/2024\/10\/IMG_4783-768x1024.jpeg 768w, https:\/\/moeslibruegg.ch\/wp-content\/uploads\/2024\/10\/IMG_4783-225x300.jpeg 225w, https:\/\/moeslibruegg.ch\/wp-content\/uploads\/2024\/10\/IMG_4783-1152x1536.jpeg 1152w, https:\/\/moeslibruegg.ch\/wp-content\/uploads\/2024\/10\/IMG_4783-1536x2048.jpeg 1536w, https:\/\/moeslibruegg.ch\/wp-content\/uploads\/2024\/10\/IMG_4783-scaled.jpeg 1920w\" sizes=\"auto, (max-width: 768px) 100vw, 768px\" \/><\/figure>\n\n\n\n<p>Im Grundsatz hat das Provisorium gut funktioniert. Da wir in den G\u00e4rten allerdings keine Stromanschl\u00fcsse haben musste das Provisorium mit einem Generator betrieben und jeweils manuell ein- und ausgeschaltet weden. <\/p>\n\n\n\n<p><strong>Evaluation einer definitiven Variante<\/strong><\/p>\n\n\n\n<p>Im Fr\u00fchling 2024 haben wir die bestehenden Sickerleitungen mit Hilfe der Firma Alfred Hirt Bau und einer Kamera untersucht. Diese Untersuchung hat ergeben, dass der Einbau einer neuen Sickerleitung eigentich die einzige M\u00f6glichkeit ist. Die neue Sickerleitung kann an einen bestehenden Schacht hinter dem Bistro angeschlossen werden. Der Vorstand hat daraufhin an der Vorstandssitzung vom 30. April den Auftrag f\u00fcr den Einbau erteilt.<\/p>\n\n\n\n<p><strong>Bauarbeiten<\/strong><\/p>\n\n\n\n<p>Am 24. Mai wurden die ersten Maschinen und Mulden angeliefert. Ab da an wurde fast t\u00e4glich in unz\u00e4hlbaren Frondienststunden durch mehrere Vereins- und Vorstandsmitglieder Kies ausgebaggert, Fliess eingelegt, Sickerrohr verlegt, Sch\u00e4chte einbetoniert,und Rundkies eingebaut. Im Anschluss dazu wurde wieder eine Schicht Mergel eingebaut und verdichtet.<\/p>\n\n\n\n<p>Am XX wurde die letzte Etappe fertiggestellt und die Baumaschinen wieder abgezogen. Kurze Zeit sp\u00e4ter regnete es fast ununterbrochen \u00fcber mehrere Wochen. Dieser nicht von uns herbeigew\u00fcnschte Dauertest hat ergeben, dass die neue Sickerleitung sehr gut funktioniert und die betroffenen G\u00e4rten gr\u00f6sstenteils trocken bleiben.<\/p>\n\n\n\n<p>Vielen Dank an Bruno Marti und allen helfenden Vereinsmitlgliedern!<\/p>\n\n\n\n<p><strong>Bildergalerie<\/strong><\/p>\n\n\n\n<figure class=\"wp-block-gallery has-nested-images columns-default is-cropped wp-block-gallery-1 is-layout-flex wp-block-gallery-is-layout-flex\">\n<figure class=\"wp-block-image size-large is-style-default\"><img loading=\"lazy\" decoding=\"async\" width=\"768\" height=\"1024\" data-id=\"128\" src=\"https:\/\/moeslibruegg.ch\/wp-content\/uploads\/2024\/10\/IMG_4783-768x1024.jpeg\" alt=\"\" class=\"wp-image-128\" srcset=\"https:\/\/moeslibruegg.ch\/wp-content\/uploads\/2024\/10\/IMG_4783-768x1024.jpeg 768w, https:\/\/moeslibruegg.ch\/wp-content\/uploads\/2024\/10\/IMG_4783-225x300.jpeg 225w, https:\/\/moeslibruegg.ch\/wp-content\/uploads\/2024\/10\/IMG_4783-1152x1536.jpeg 1152w, https:\/\/moeslibruegg.ch\/wp-content\/uploads\/2024\/10\/IMG_4783-1536x2048.jpeg 1536w, https:\/\/moeslibruegg.ch\/wp-content\/uploads\/2024\/10\/IMG_4783-scaled.jpeg 1920w\" sizes=\"auto, (max-width: 768px) 100vw, 768px\" \/><\/figure>\n\n\n\n<figure class=\"wp-block-image size-large\"><img loading=\"lazy\" decoding=\"async\" width=\"1024\" height=\"768\" data-id=\"126\" src=\"https:\/\/moeslibruegg.ch\/wp-content\/uploads\/2024\/10\/IMG_1664-1024x768.jpeg\" alt=\"\" class=\"wp-image-126\" srcset=\"https:\/\/moeslibruegg.ch\/wp-content\/uploads\/2024\/10\/IMG_1664-1024x768.jpeg 1024w, https:\/\/moeslibruegg.ch\/wp-content\/uploads\/2024\/10\/IMG_1664-300x225.jpeg 300w, https:\/\/moeslibruegg.ch\/wp-content\/uploads\/2024\/10\/IMG_1664-768x576.jpeg 768w, https:\/\/moeslibruegg.ch\/wp-content\/uploads\/2024\/10\/IMG_1664-1536x1152.jpeg 1536w, https:\/\/moeslibruegg.ch\/wp-content\/uploads\/2024\/10\/IMG_1664-2048x1536.jpeg 2048w\" sizes=\"auto, (max-width: 1024px) 100vw, 1024px\" \/><\/figure>\n\n\n\n<figure class=\"wp-block-image size-large\"><img loading=\"lazy\" decoding=\"async\" width=\"768\" height=\"1024\" data-id=\"124\" src=\"https:\/\/moeslibruegg.ch\/wp-content\/uploads\/2024\/10\/eb88608f-086a-4fdf-9716-63829a343a0e-768x1024.jpg\" alt=\"\" class=\"wp-image-124\" srcset=\"https:\/\/moeslibruegg.ch\/wp-content\/uploads\/2024\/10\/eb88608f-086a-4fdf-9716-63829a343a0e-768x1024.jpg 768w, https:\/\/moeslibruegg.ch\/wp-content\/uploads\/2024\/10\/eb88608f-086a-4fdf-9716-63829a343a0e-225x300.jpg 225w, https:\/\/moeslibruegg.ch\/wp-content\/uploads\/2024\/10\/eb88608f-086a-4fdf-9716-63829a343a0e-1152x1536.jpg 1152w, https:\/\/moeslibruegg.ch\/wp-content\/uploads\/2024\/10\/eb88608f-086a-4fdf-9716-63829a343a0e.jpg 1536w\" sizes=\"auto, (max-width: 768px) 100vw, 768px\" \/><\/figure>\n<\/figure>\n\n\n\n<hr class=\"wp-block-separator has-alpha-channel-opacity\"\/>\n\n\n\n<p><strong>Meilensteine<\/strong><\/p>\n\n\n\n<ul class=\"wp-block-list\">\n<li>15. Juni 2024                   Abzug der Baumaschinen, Projektende<\/li>\n\n\n\n<li>10. Juni 2024                  Beginn Einbau des Feinmergels<\/li>\n\n\n\n<li>25. Mai 2024                   Baubeginn, Aushub der ersten 50 Meter<\/li>\n\n\n\n<li>24. Mai 2024                   Anlieferung Mulden und Maschinen<\/li>\n\n\n\n<li>30. April 2024                Vorstand erteilt den Auftrag f\u00fcr neue Sickerleitung<\/li>\n\n\n\n<li> 06. April 2024               Besichtigung der bestehenden Sickerleitung mittles Kamera<\/li>\n\n\n\n<li>?? 2023                            Vorstandssitzung &#8211; Definitive L\u00f6sungen sollen gesucht werden<\/li>\n\n\n\n<li>09.Juli 2022                   Arealarbeit &#8211; Einrichtung eines Provisoriums<\/li>\n\n\n\n<li>21. Mai 2022                   Generalversammlung &#8211; Projektstart         <\/li>\n<\/ul>\n","protected":false},"excerpt":{"rendered":"<p>Generalversammlung 2022 &#8211; Projektstart An der Generalversammlung vom 21. Mai 2022 wurde von einigen Vereinsmitgliedern die Bitte gestellt etwas mit der Sickerleitung im Areal West zu unternehmen da bei gr\u00f6sseren Regenf\u00e4llen der Garten jeweils mehre Tage bis Wochen unbegehbar ist. &hellip; <a href=\"https:\/\/moeslibruegg.ch\/?page_id=125\">Weiterlesen <span class=\"meta-nav\">&rarr;<\/span><\/a><\/p>\n","protected":false},"author":2,"featured_media":0,"parent":0,"menu_order":0,"comment_status":"closed","ping_status":"closed","template":"","meta":{"footnotes":""},"class_list":["post-125","page","type-page","status-publish","hentry"],"_links":{"self":[{"href":"https:\/\/moeslibruegg.ch\/index.php?rest_route=\/wp\/v2\/pages\/125","targetHints":{"allow":["GET"]}}],"collection":[{"href":"https:\/\/moeslibruegg.ch\/index.php?rest_route=\/wp\/v2\/pages"}],"about":[{"href":"https:\/\/moeslibruegg.ch\/index.php?rest_route=\/wp\/v2\/types\/page"}],"author":[{"embeddable":true,"href":"https:\/\/moeslibruegg.ch\/index.php?rest_route=\/wp\/v2\/users\/2"}],"replies":[{"embeddable":true,"href":"https:\/\/moeslibruegg.ch\/index.php?rest_route=%2Fwp%2Fv2%2Fcomments&post=125"}],"version-history":[{"count":4,"href":"https:\/\/moeslibruegg.ch\/index.php?rest_route=\/wp\/v2\/pages\/125\/revisions"}],"predecessor-version":[{"id":131,"href":"https:\/\/moeslibruegg.ch\/index.php?rest_route=\/wp\/v2\/pages\/125\/revisions\/131"}],"wp:attachment":[{"href":"https:\/\/moeslibruegg.ch\/index.php?rest_route=%2Fwp%2Fv2%2Fmedia&parent=125"}],"curies":[{"name":"wp","href":"https:\/\/api.w.org\/{rel}","templated":true}]}}